{"id":15,"date":"2024-05-29T11:13:29","date_gmt":"2024-05-29T09:13:29","guid":{"rendered":"https:\/\/audiomobiles.fr\/?page_id=15"},"modified":"2024-05-29T23:10:52","modified_gmt":"2024-05-29T21:10:52","slug":"15-2","status":"publish","type":"page","link":"https:\/\/audiomobiles.fr\/","title":{"rendered":""},"content":{"rendered":"\t\t<div data-elementor-type=\"wp-post\" data-elementor-id=\"15\" class=\"elementor elementor-15\">\n\t\t\t\t<div class=\"elementor-element elementor-element-8486228 e-flex e-con-boxed e-con e-parent\" data-id=\"8486228\" data-element_type=\"container\">\n\t\t\t\t\t<div class=\"e-con-inner\">\n\t\t\t\t<div class=\"elementor-element elementor-element-e811f4d elementor-widget elementor-widget-image\" data-id=\"e811f4d\" data-element_type=\"widget\" data-widget_type=\"image.default\">\n\t\t\t\t<div class=\"elementor-widget-container\">\n\t\t\t<style>\/*! elementor - v3.21.0 - 22-05-2024 *\/\n.elementor-widget-image{text-align:center}.elementor-widget-image a{display:inline-block}.elementor-widget-image a img[src$=\".svg\"]{width:48px}.elementor-widget-image img{vertical-align:middle;display:inline-block}<\/style>\t\t\t\t\t\t\t\t\t\t\t<a href=\"https:\/\/audiomobiles.fr\/\">\n\t\t\t\t\t\t\t<img fetchpriority=\"high\" decoding=\"async\" width=\"1299\" height=\"708\" src=\"https:\/\/audiomobiles.fr\/wp-content\/uploads\/2024\/05\/Logo-entreprise-a-mission.png\" class=\"attachment-full size-full wp-image-22\" alt=\"\" srcset=\"https:\/\/audiomobiles.fr\/wp-content\/uploads\/2024\/05\/Logo-entreprise-a-mission.png 1299w, https:\/\/audiomobiles.fr\/wp-content\/uploads\/2024\/05\/Logo-entreprise-a-mission-300x164.png 300w, https:\/\/audiomobiles.fr\/wp-content\/uploads\/2024\/05\/Logo-entreprise-a-mission-1024x558.png 1024w, https:\/\/audiomobiles.fr\/wp-content\/uploads\/2024\/05\/Logo-entreprise-a-mission-768x419.png 768w\" sizes=\"(max-width: 1299px) 100vw, 1299px\" \/>\t\t\t\t\t\t\t\t<\/a>\n\t\t\t\t\t\t\t\t\t\t\t\t\t<\/div>\n\t\t\t\t<\/div>\n\t\t\t\t\t<\/div>\n\t\t\t\t<\/div>\n\t\t<div class=\"elementor-element elementor-element-d1ec7b6 e-flex e-con-boxed e-con e-parent\" data-id=\"d1ec7b6\" data-element_type=\"container\" data-settings=\"{&quot;background_background&quot;:&quot;classic&quot;}\">\n\t\t\t\t\t<div class=\"e-con-inner\">\n\t\t\t\t<div class=\"elementor-element elementor-element-59b3943 elementor-widget elementor-widget-heading\" data-id=\"59b3943\" data-element_type=\"widget\" data-widget_type=\"heading.default\">\n\t\t\t\t<div class=\"elementor-widget-container\">\n\t\t\t<style>\/*! elementor - v3.21.0 - 22-05-2024 *\/\n.elementor-heading-title{padding:0;margin:0;line-height:1}.elementor-widget-heading .elementor-heading-title[class*=elementor-size-]>a{color:inherit;font-size:inherit;line-height:inherit}.elementor-widget-heading .elementor-heading-title.elementor-size-small{font-size:15px}.elementor-widget-heading .elementor-heading-title.elementor-size-medium{font-size:19px}.elementor-widget-heading .elementor-heading-title.elementor-size-large{font-size:29px}.elementor-widget-heading .elementor-heading-title.elementor-size-xl{font-size:39px}.elementor-widget-heading .elementor-heading-title.elementor-size-xxl{font-size:59px}<\/style><h2 class=\"elementor-heading-title elementor-size-default\">Actualit\u00e9s<\/h2>\t\t<\/div>\n\t\t\t\t<\/div>\n\t\t\t\t\t<\/div>\n\t\t\t\t<\/div>\n\t\t<div class=\"elementor-element elementor-element-27f9444 e-flex e-con-boxed e-con e-parent\" data-id=\"27f9444\" data-element_type=\"container\" data-settings=\"{&quot;background_background&quot;:&quot;classic&quot;}\">\n\t\t\t\t\t<div class=\"e-con-inner\">\n\t\t\t\t\t<\/div>\n\t\t\t\t<\/div>\n\t\t<div class=\"elementor-element elementor-element-e9da795 e-flex e-con-boxed e-con e-parent\" data-id=\"e9da795\" data-element_type=\"container\">\n\t\t\t\t\t<div class=\"e-con-inner\">\n\t\t<div class=\"elementor-element elementor-element-97920da e-con-full e-flex e-con e-child\" data-id=\"97920da\" data-element_type=\"container\">\n\t\t\t\t<div class=\"elementor-element elementor-element-d5b9a2c elementor-widget elementor-widget-image\" data-id=\"d5b9a2c\" data-element_type=\"widget\" data-widget_type=\"image.default\">\n\t\t\t\t<div class=\"elementor-widget-container\">\n\t\t\t\t\t\t\t\t\t\t\t\t\t\t<a href=\"https:\/\/audiomobiles.fr\/index.php\/162-2\/\">\n\t\t\t\t\t\t\t<img decoding=\"async\" width=\"800\" height=\"437\" src=\"https:\/\/audiomobiles.fr\/wp-content\/uploads\/2024\/05\/image-9-1024x559.png\" class=\"elementor-animation-grow attachment-large size-large wp-image-32\" alt=\"\" srcset=\"https:\/\/audiomobiles.fr\/wp-content\/uploads\/2024\/05\/image-9-1024x559.png 1024w, https:\/\/audiomobiles.fr\/wp-content\/uploads\/2024\/05\/image-9-300x164.png 300w, https:\/\/audiomobiles.fr\/wp-content\/uploads\/2024\/05\/image-9-768x419.png 768w, https:\/\/audiomobiles.fr\/wp-content\/uploads\/2024\/05\/image-9.png 1152w\" sizes=\"(max-width: 800px) 100vw, 800px\" \/>\t\t\t\t\t\t\t\t<\/a>\n\t\t\t\t\t\t\t\t\t\t\t\t\t<\/div>\n\t\t\t\t<\/div>\n\t\t\t\t<div class=\"elementor-element elementor-element-072ebc8 elementor-widget elementor-widget-heading\" data-id=\"072ebc8\" data-element_type=\"widget\" data-widget_type=\"heading.default\">\n\t\t\t\t<div class=\"elementor-widget-container\">\n\t\t\t<h2 class=\"elementor-heading-title elementor-size-default\"><a href=\"https:\/\/audiomobiles.fr\/index.php\/162-2\/\">Fin du service de soins auditifs adapt\u00e9s de LAM.<br><br><br><br>28\/05\/24<\/a><\/h2>\t\t<\/div>\n\t\t\t\t<\/div>\n\t\t\t\t<\/div>\n\t\t<div class=\"elementor-element elementor-element-b607c4b e-con-full e-flex e-con e-child\" data-id=\"b607c4b\" data-element_type=\"container\">\n\t\t\t\t<div class=\"elementor-element elementor-element-da2529a elementor-widget elementor-widget-image\" data-id=\"da2529a\" data-element_type=\"widget\" data-widget_type=\"image.default\">\n\t\t\t\t<div class=\"elementor-widget-container\">\n\t\t\t\t\t\t\t\t\t\t\t\t\t\t<a href=\"https:\/\/audiomobiles.fr\/index.php\/61-2\/\">\n\t\t\t\t\t\t\t<img decoding=\"async\" width=\"800\" height=\"438\" src=\"https:\/\/audiomobiles.fr\/wp-content\/uploads\/2024\/05\/1-1024x561.png\" class=\"elementor-animation-grow attachment-large size-large wp-image-29\" alt=\"\" srcset=\"https:\/\/audiomobiles.fr\/wp-content\/uploads\/2024\/05\/1-1024x561.png 1024w, https:\/\/audiomobiles.fr\/wp-content\/uploads\/2024\/05\/1-300x164.png 300w, https:\/\/audiomobiles.fr\/wp-content\/uploads\/2024\/05\/1-768x420.png 768w, https:\/\/audiomobiles.fr\/wp-content\/uploads\/2024\/05\/1-1536x841.png 1536w, https:\/\/audiomobiles.fr\/wp-content\/uploads\/2024\/05\/1-2048x1121.png 2048w\" sizes=\"(max-width: 800px) 100vw, 800px\" \/>\t\t\t\t\t\t\t\t<\/a>\n\t\t\t\t\t\t\t\t\t\t\t\t\t<\/div>\n\t\t\t\t<\/div>\n\t\t\t\t<div class=\"elementor-element elementor-element-a4d8419 elementor-widget elementor-widget-heading\" data-id=\"a4d8419\" data-element_type=\"widget\" data-widget_type=\"heading.default\">\n\t\t\t\t<div class=\"elementor-widget-container\">\n\t\t\t<h2 class=\"elementor-heading-title elementor-size-default\"><a href=\"https:\/\/audiomobiles.fr\/index.php\/61-2\/\">R\u00e9percussions de la lutte contre la fraude sur les soins auditifs \u00e0 destination des patients en situation de d\u00e9pendance.<br><br>02\/05\/24<\/a><\/h2>\t\t<\/div>\n\t\t\t\t<\/div>\n\t\t\t\t<\/div>\n\t\t<div class=\"elementor-element elementor-element-05fab3d e-con-full e-flex e-con e-child\" data-id=\"05fab3d\" data-element_type=\"container\">\n\t\t\t\t<div class=\"elementor-element elementor-element-d01ddc4 elementor-widget elementor-widget-image\" data-id=\"d01ddc4\" data-element_type=\"widget\" data-widget_type=\"image.default\">\n\t\t\t\t<div class=\"elementor-widget-container\">\n\t\t\t\t\t\t\t\t\t\t\t\t\t\t<a href=\"https:\/\/audiomobiles.fr\/index.php\/47-2\/\">\n\t\t\t\t\t\t\t<img loading=\"lazy\" decoding=\"async\" width=\"2048\" height=\"1037\" src=\"https:\/\/audiomobiles.fr\/wp-content\/uploads\/2024\/05\/Travaux-logo-V6-1-1-2048x1037.png\" class=\"elementor-animation-grow attachment-2048x2048 size-2048x2048 wp-image-35\" alt=\"\" srcset=\"https:\/\/audiomobiles.fr\/wp-content\/uploads\/2024\/05\/Travaux-logo-V6-1-1-2048x1037.png 2048w, https:\/\/audiomobiles.fr\/wp-content\/uploads\/2024\/05\/Travaux-logo-V6-1-1-300x152.png 300w, https:\/\/audiomobiles.fr\/wp-content\/uploads\/2024\/05\/Travaux-logo-V6-1-1-1024x518.png 1024w, https:\/\/audiomobiles.fr\/wp-content\/uploads\/2024\/05\/Travaux-logo-V6-1-1-768x389.png 768w, https:\/\/audiomobiles.fr\/wp-content\/uploads\/2024\/05\/Travaux-logo-V6-1-1-1536x777.png 1536w\" sizes=\"(max-width: 2048px) 100vw, 2048px\" \/>\t\t\t\t\t\t\t\t<\/a>\n\t\t\t\t\t\t\t\t\t\t\t\t\t<\/div>\n\t\t\t\t<\/div>\n\t\t\t\t<div class=\"elementor-element elementor-element-c31bd73 elementor-widget elementor-widget-heading\" data-id=\"c31bd73\" data-element_type=\"widget\" data-widget_type=\"heading.default\">\n\t\t\t\t<div class=\"elementor-widget-container\">\n\t\t\t<h2 class=\"elementor-heading-title elementor-size-default\"><a href=\"https:\/\/audiomobiles.fr\/index.php\/47-2\/\">\u00c9tude statistique : Comment Les Audioproth\u00e9sistes Mobiles sont per\u00e7us par leurs utilisateurs ?<br><br><br>06\/02\/24<\/a><\/h2>\t\t<\/div>\n\t\t\t\t<\/div>\n\t\t\t\t<\/div>\n\t\t<div class=\"elementor-element elementor-element-32933c2 e-con-full e-flex e-con e-child\" data-id=\"32933c2\" data-element_type=\"container\">\n\t\t\t\t<div class=\"elementor-element elementor-element-2164441 elementor-widget elementor-widget-image\" data-id=\"2164441\" data-element_type=\"widget\" data-widget_type=\"image.default\">\n\t\t\t\t<div class=\"elementor-widget-container\">\n\t\t\t\t\t\t\t\t\t\t\t\t\t\t<a href=\"https:\/\/audiomobiles.fr\/index.php\/67-2\/\">\n\t\t\t\t\t\t\t<img loading=\"lazy\" decoding=\"async\" width=\"2048\" height=\"1131\" src=\"https:\/\/audiomobiles.fr\/wp-content\/uploads\/2024\/05\/LAM-appareillage-en-etablissement-pour-personnes-agees-1-2048x1131.jpg\" class=\"elementor-animation-grow attachment-2048x2048 size-2048x2048 wp-image-43\" alt=\"\" srcset=\"https:\/\/audiomobiles.fr\/wp-content\/uploads\/2024\/05\/LAM-appareillage-en-etablissement-pour-personnes-agees-1-2048x1131.jpg 2048w, https:\/\/audiomobiles.fr\/wp-content\/uploads\/2024\/05\/LAM-appareillage-en-etablissement-pour-personnes-agees-1-300x166.jpg 300w, https:\/\/audiomobiles.fr\/wp-content\/uploads\/2024\/05\/LAM-appareillage-en-etablissement-pour-personnes-agees-1-1024x566.jpg 1024w, https:\/\/audiomobiles.fr\/wp-content\/uploads\/2024\/05\/LAM-appareillage-en-etablissement-pour-personnes-agees-1-768x424.jpg 768w, https:\/\/audiomobiles.fr\/wp-content\/uploads\/2024\/05\/LAM-appareillage-en-etablissement-pour-personnes-agees-1-1536x848.jpg 1536w\" sizes=\"(max-width: 2048px) 100vw, 2048px\" \/>\t\t\t\t\t\t\t\t<\/a>\n\t\t\t\t\t\t\t\t\t\t\t\t\t<\/div>\n\t\t\t\t<\/div>\n\t\t\t\t<div class=\"elementor-element elementor-element-ccb6cfb elementor-widget elementor-widget-heading\" data-id=\"ccb6cfb\" data-element_type=\"widget\" data-widget_type=\"heading.default\">\n\t\t\t\t<div class=\"elementor-widget-container\">\n\t\t\t<h2 class=\"elementor-heading-title elementor-size-default\"><a href=\"https:\/\/audiomobiles.fr\/index.php\/67-2\/\">Les Audioproth\u00e9sistes Mobiles : Une entreprise \u00e0 mission.<br><br><br><br>12\/09\/22<\/a><\/h2>\t\t<\/div>\n\t\t\t\t<\/div>\n\t\t\t\t<\/div>\n\t\t\t\t\t<\/div>\n\t\t\t\t<\/div>\n\t\t<div class=\"elementor-element elementor-element-2a87dd2 e-grid e-con-boxed e-con e-parent\" data-id=\"2a87dd2\" data-element_type=\"container\">\n\t\t\t\t\t<div class=\"e-con-inner\">\n\t\t\t\t\t<\/div>\n\t\t\t\t<\/div>\n\t\t<div class=\"elementor-element elementor-element-1ff6593 e-grid e-con-boxed e-con e-parent\" data-id=\"1ff6593\" data-element_type=\"container\">\n\t\t\t\t\t<div class=\"e-con-inner\">\n\t\t\t\t\t<\/div>\n\t\t\t\t<\/div>\n\t\t<div class=\"elementor-element elementor-element-fcefa02 e-grid e-con-boxed e-con e-parent\" data-id=\"fcefa02\" data-element_type=\"container\">\n\t\t\t\t\t<div class=\"e-con-inner\">\n\t\t\t\t\t<\/div>\n\t\t\t\t<\/div>\n\t\t<div class=\"elementor-element elementor-element-3ed0d2b e-grid e-con-boxed e-con e-parent\" data-id=\"3ed0d2b\" data-element_type=\"container\">\n\t\t\t\t\t<div class=\"e-con-inner\">\n\t\t\t\t\t<\/div>\n\t\t\t\t<\/div>\n\t\t<div class=\"elementor-element elementor-element-4e66a28 e-flex e-con-boxed e-con e-parent\" data-id=\"4e66a28\" data-element_type=\"container\" data-settings=\"{&quot;background_background&quot;:&quot;classic&quot;}\">\n\t\t\t\t\t<div class=\"e-con-inner\">\n\t\t\t\t<div class=\"elementor-element elementor-element-c9386a3 elementor-widget elementor-widget-heading\" data-id=\"c9386a3\" data-element_type=\"widget\" data-settings=\"{&quot;_animation&quot;:&quot;none&quot;}\" data-widget_type=\"heading.default\">\n\t\t\t\t<div class=\"elementor-widget-container\">\n\t\t\t<h3 class=\"elementor-heading-title elementor-size-default\"><a href=\"https:\/\/audiomobiles.fr\/index.php\/131-2\/\">Mentions L\u00e9gales<\/a><\/h3>\t\t<\/div>\n\t\t\t\t<\/div>\n\t\t\t\t\t<\/div>\n\t\t\t\t<\/div>\n\t\t\t\t<\/div>\n\t\t","protected":false},"excerpt":{"rendered":"<p>Actualit\u00e9s Fin du service de soins auditifs adapt\u00e9s de LAM. 28\/05\/24 R\u00e9percussions de la lutte contre la fraude sur les soins auditifs \u00e0 destination des patients en situation de d\u00e9pendance. 02\/05\/24 \u00c9tude statistique : Comment Les Audioproth\u00e9sistes Mobiles sont per\u00e7us par leurs utilisateurs ? 06\/02\/24 Les Audioproth\u00e9sistes Mobiles : Une entreprise \u00e0 mission. 12\/09\/22 Mentions [&hellip;]<\/p>\n","protected":false},"author":1,"featured_media":0,"parent":0,"menu_order":0,"comment_status":"closed","ping_status":"closed","template":"","meta":{"footnotes":""},"class_list":["post-15","page","type-page","status-publish","hentry"],"_links":{"self":[{"href":"https:\/\/audiomobiles.fr\/index.php\/wp-json\/wp\/v2\/pages\/15","targetHints":{"allow":["GET"]}}],"collection":[{"href":"https:\/\/audiomobiles.fr\/index.php\/wp-json\/wp\/v2\/pages"}],"about":[{"href":"https:\/\/audiomobiles.fr\/index.php\/wp-json\/wp\/v2\/types\/page"}],"author":[{"embeddable":true,"href":"https:\/\/audiomobiles.fr\/index.php\/wp-json\/wp\/v2\/users\/1"}],"replies":[{"embeddable":true,"href":"https:\/\/audiomobiles.fr\/index.php\/wp-json\/wp\/v2\/comments?post=15"}],"version-history":[{"count":66,"href":"https:\/\/audiomobiles.fr\/index.php\/wp-json\/wp\/v2\/pages\/15\/revisions"}],"predecessor-version":[{"id":266,"href":"https:\/\/audiomobiles.fr\/index.php\/wp-json\/wp\/v2\/pages\/15\/revisions\/266"}],"wp:attachment":[{"href":"https:\/\/audiomobiles.fr\/index.php\/wp-json\/wp\/v2\/media?parent=15"}],"curies":[{"name":"wp","href":"https:\/\/api.w.org\/{rel}","templated":true}]}}